{"id":8977,"date":"2019-12-01T14:46:53","date_gmt":"2019-12-01T13:46:53","guid":{"rendered":"https:\/\/www.evinacards.com\/?page_id=8977"},"modified":"2022-07-06T11:28:22","modified_gmt":"2022-07-06T09:28:22","slug":"magic-lenormand-cards","status":"publish","type":"page","link":"https:\/\/evinacards.com\/cs\/magic-lenormand-cards-2\/","title":{"rendered":"Magick\u00e9 Lenormand karty"},"content":{"rendered":"<div class=\"wpb-content-wrapper\"><div  class=\"vc_row wpb_row vc_row-fluid ts-row-wide\"  ><div class=\"wpb_column vc_column_container vc_col-sm-12\">\n\t<div class=\"wpb_wrapper\">\n\t\n\t<div  class=\"wpb_single_image wpb_content_element vc_align_center\">\n\t\t\n\t\t<figure class=\"wpb_wrapper vc_figure\">\n\t\t\t<div class=\"vc_single_image-wrapper   vc_box_border_grey\"><img width=\"1980\" height=\"1400\" src=\"https:\/\/evinacards.com\/wp-content\/uploads\/2019\/12\/Magic-Lenormand-Cards-1799-1903-2019.jpg\" class=\"vc_single_image-img attachment-full\" alt=\"Magic-Lenormand-Cards-1799-1903-2019\" decoding=\"async\" loading=\"lazy\" title=\"Magic-Lenormand-Cards-1799-1903-2019\" srcset=\"https:\/\/evinacards.com\/wp-content\/uploads\/2019\/12\/Magic-Lenormand-Cards-1799-1903-2019.jpg 1980w, https:\/\/evinacards.com\/wp-content\/uploads\/2019\/12\/Magic-Lenormand-Cards-1799-1903-2019-300x212.jpg 300w, https:\/\/evinacards.com\/wp-content\/uploads\/2019\/12\/Magic-Lenormand-Cards-1799-1903-2019-768x543.jpg 768w, https:\/\/evinacards.com\/wp-content\/uploads\/2019\/12\/Magic-Lenormand-Cards-1799-1903-2019-1024x724.jpg 1024w, https:\/\/evinacards.com\/wp-content\/uploads\/2019\/12\/Magic-Lenormand-Cards-1799-1903-2019-683x483.jpg 683w\" sizes=\"(max-width: 1980px) 100vw, 1980px\" \/><\/div>\n\t\t<\/figure>\n\t<\/div>\n\t<\/div>\n<\/div><\/div>\t<div  class=\"vc_row wpb_row vc_row-fluid ts-row-wide\"  ><div class=\"wpb_column vc_column_container vc_col-sm-12\">\n\t<div class=\"wpb_wrapper\">\n\t\n\t<div class=\"wpb_text_column wpb_content_element\" >\n\t\t<div class=\"wpb_wrapper\">\n\t\t\t<h2 style=\"text-align: center;\">Jak zjistit osud- \u010d. 1 - Pomoc\u00ed v\u011b\u0161t\u011bn\u00ed<\/h2>\n<p style=\"text-align: center;\">POND\u011aL\u00cd 19. \u0158\u00cdJNA 1903 - THE EVENING WORLD\u00b4S HOME MAGAZINE - ORIGIN\u00c1LN\u00cd TEXT \u2022 1. VYD\u00c1N\u00cd<\/p>\n<h3 style=\"text-align: center;\"><strong>Magick\u00e9 Lenormand karty<\/strong><\/h3>\n<h4 style=\"text-align: center;\">1799 \u2013 Johann Kaspar Hechtel \u2013 Norimberk \/ 2019 \u2013 Evina Schmidov\u00e1 \u2013 Lond\u00fdn a Praha<\/h4>\n<p>&nbsp;<\/p>\n<p>\u010cten\u00e1\u0159, kter\u00fd se \u00fa\u010dastn\u00ed \u0159ady jednoduch\u00fdch lekc\u00ed v\u011b\u0161t\u011bn\u00ed, kter\u00e9 dnes The Evening World za\u010d\u00edn\u00e1, z\u00edsk\u00e1 nejrychlej\u0161\u00ed a nejjist\u011bj\u0161\u00ed vhled do tajemstv\u00ed um\u011bn\u00ed v\u011b\u0161tec prostudov\u00e1n\u00edm p\u0159edev\u0161\u00edm v\u011b\u0161teck\u00fdch karet, kter\u00e9 pou\u017e\u00edvaly slavn\u00e1 Mlle. Le Normand, kter\u00fd pr\u00fd p\u0159edpov\u00eddal velikost Napoleona.<\/p>\n<p>V\u00ddZNAM KARTY<\/p>\n<p>Osoba, kter\u00e1 konzultuje karty, si mus\u00ed pamatovat, je p\u0159edstavov\u00e1na \u010d\u00edslem 29, pokud jde o d\u00e1mu; nebo do \u010d. 28, pokud je gentleman.<\/p>\n<p><strong>\u010c. 1 - CAVALIER<\/strong>, je posel \u0161t\u011bst\u00ed - pokud nen\u00ed obklopen ne\u0161\u0165astn\u00fdmi kartami, p\u0159in\u00e1\u0161\u00ed dobr\u00e9 zpr\u00e1vy, kter\u00e9 m\u016f\u017ee Osoba o\u010dek\u00e1vat, a\u0165 u\u017e ze sv\u00e9ho domu nebo ze zahrani\u010d\u00ed; to v\u0161ak nebude prob\u00edhat okam\u017eit\u011b, ale o n\u011bjak\u00fd \u010das pozd\u011bji.<\/p>\n<p><strong>\u010c. 2 - K\u0158\u00cd\u017dOV\u00dd LIST<\/strong>, je tak\u00e9 p\u0159edzv\u011bst\u00ed dobr\u00fdch zpr\u00e1v; ale pokud je obklopen mraky, znamen\u00e1 to velkou bolest; ale pokud ne 2 le\u017e\u00ed pobl\u00ed\u017e \u010d. 29 nebo 28; bolest bude m\u00edt kr\u00e1tk\u00e9 trv\u00e1n\u00ed a brzy se zm\u011bn\u00ed na \u0161\u0165astn\u00fd probl\u00e9m.<\/p>\n<p><strong>\u010c. 3 - LOD\u011a<\/strong>, symbol obchodu, znamen\u00e1 velk\u00e9 bohatstv\u00ed, kter\u00e9 bude z\u00edsk\u00e1no obchodem nebo d\u011bdictv\u00edm; je-li v bl\u00edzkosti Osoby, znamen\u00e1 to \u010dasnou cestu.<\/p>\n<p><strong>\u010c. 4 - D\u016eM<\/strong>, je ur\u010dit\u00fdm znakem \u00fasp\u011bchu znamen\u00ed prosperity ve v\u0161ech podnic\u00edch; a a\u010dkoli sou\u010dasn\u00e9 postaven\u00ed Osoby m\u016f\u017ee b\u00fdt nep\u0159\u00edjemn\u00e9, budoucnost bude jasn\u00e1 a \u0161\u0165astn\u00e1. Pokud tato karta le\u017e\u00ed ve st\u0159edu karet, pod Osobou, je to n\u00e1pov\u011bda, abyste si d\u00e1vali pozor na ty, kte\u0159\u00ed ji obklopuj\u00ed.<\/p>\n<p><strong>\u010c. 5 - STROM<\/strong>, pokud je vzd\u00e1len\u00fd od Osoby, znamen\u00e1 dobr\u00e9 zdrav\u00ed, v\u00edce strom\u016f r\u016fzn\u00fdch karet dohromady, nenechte \u017e\u00e1dn\u00e9 pochybnosti o realizaci v\u0161ech rozumn\u00fdch prst\u016f.<\/p>\n<p><strong>\u010c. 6 - CLOUDY<\/strong>, pokud je jejich jasn\u00e1 strana oto\u010dena sm\u011brem k osob\u011b, jsou \u0161\u0165astn\u00fdm znamen\u00edm; s dirkovou stranou obr\u00e1cenou k Osob\u011b se brzy stane n\u011bco nep\u0159\u00edjemn\u00e9ho.<\/p>\n<p><strong>\u010c. 7 - HADICE<\/strong>, je zn\u00e1mkou ne\u0161t\u011bst\u00ed, jeho\u017e rozsah z\u00e1vis\u00ed na v\u011bt\u0161\u00ed nebo men\u0161\u00ed vzd\u00e1lenosti od Osoby; po n\u011bm v\u017edy n\u00e1sleduje podvod, nev\u011bra a smutek.<\/p>\n<p><strong>\u010c. 8 - rakev<\/strong>, velmi bl\u00edzko k Osob\u011b, znamen\u00e1 bezpochyby nebezpe\u010dn\u00e9 nemoci, smrt nebo \u00faplnou ztr\u00e1tu majetku. Vzd\u00e1len\u011bj\u0161\u00ed od osoby je karta m\u00e9n\u011b nebezpe\u010dn\u00e1.<\/p>\n<p><strong>\u010c. 9 - KYTICE<\/strong>, znamen\u00e1 mnoho \u0161t\u011bst\u00ed v ka\u017ed\u00e9m ohledu.<\/p>\n<p><strong>\u010c. 10 - SCYTHE<\/strong>, ozna\u010duje velk\u00e9 nebezpe\u010d\u00ed, kter\u00e9mu je mo\u017en\u00e9 se vyhnout, pouze pokud ho obklop\u00ed karty \u0161t\u011bst\u00ed.<\/p>\n<p><strong>\u010c. 11 - PRUT<\/strong>, znamen\u00e1 h\u00e1dky v rodin\u011b, dom\u00e1c\u00ed tr\u00e1pen\u00ed, nedostatek m\u00edru mezi vdan\u00fdmi osobami, hore\u010dka a zdlouhav\u00e1 nemoc.<\/p>\n<p><strong>\u010c. 12 - VT\u00c1K<\/strong>znamen\u00e1 p\u0159ekonat t\u011b\u017ekosti, ale kr\u00e1tk\u00e9 trv\u00e1n\u00ed; vzd\u00e1len\u00fd od Osoby, znamen\u00e1 to dosa\u017een\u00ed p\u0159\u00edjemn\u00e9 cesty.<\/p>\n<p><strong>\u010c. 13 - D\u011aTI<\/strong>, je znamen\u00edm, \u017ee se Osoba pohybuje v dobr\u00e9 spole\u010dnosti a je v\u016f\u010di v\u0161em laskav\u00e1.<\/p>\n<p><strong>\u010c. 14 - L\u00cd\u0160KA<\/strong>, je-li bl\u00edzko, je to znamen\u00ed ned\u016fv\u011bry v\u016f\u010di osob\u00e1m, s nimi\u017e jste ve spojen\u00ed, proto\u017ee se v\u00e1s n\u011bkte\u0159\u00ed pokou\u0161ej\u00ed oklamat; pokud je vzd\u00e1len\u00fd, nesm\u00ed b\u00fdt zachyceno \u017e\u00e1dn\u00e9 nebezpe\u010d\u00ed.<\/p>\n<p><strong>\u010c. 15 - MEDV\u011aD<\/strong>, je bu\u010f posel \u0161t\u011bst\u00ed, nab\u00e1d\u00e1 n\u00e1s, abychom se vyh\u00fdbali spole\u010dnosti, zejm\u00e9na spole\u010dnosti z\u00e1vistiv\u00e9.<\/p>\n<p><strong>\u010c. 16 - HV\u011aZDA<\/strong>, potvrzuje \u0161t\u011bst\u00ed Ve v\u0161ech podnic\u00edch; ale pokud se bl\u00ed\u017e\u00ed mraky, znamen\u00e1 to dlouhou \u0159adu ne\u0161\u0165astn\u00fdch nehod.<\/p>\n<p><strong>\u010c. 17 - PR\u00c1CE<\/strong>, ozna\u010duje zm\u011bnu bydli\u0161t\u011b, kter\u00e1 prob\u011bhne \u010d\u00edm d\u0159\u00edve, \u010d\u00edm bl\u00ed\u017ee bude karta Osob\u011b.<\/p>\n<p><strong>\u010c. 18 - PES<\/strong>, pokud se nach\u00e1z\u00edte v bl\u00edzkosti Osoby, m\u016f\u017eete sv\u00fdm p\u0159\u00e1tel\u016fm v\u011b\u0159it a b\u00fdt up\u0159\u00edmn\u00ed; ale pokud jsou velmi vzd\u00e1len\u00ed a obklopeni mraky, bu\u010fte opatrn\u00ed, abyste ned\u016fv\u011b\u0159ovali t\u011bm, kte\u0159\u00ed si \u0159\u00edkaj\u00ed va\u0161i p\u0159\u00e1tel\u00e9.<\/p>\n<p><strong>\u010c. 19 - V\u011a\u017d<\/strong>, d\u00e1v\u00e1 nad\u011bji na \u0161\u0165astn\u00e9 st\u00e1\u0159\u00ed, ale je obklopen mraky, p\u0159edznamen\u00e1v\u00e1 nemoc a podle okolnost\u00ed dokonce smrt.<\/p>\n<p><strong>\u010c. 20 - PARK<\/strong>, p\u0159edpov\u00edd\u00e1, \u017ee nav\u0161t\u00edv\u00edte velmi slu\u0161nou spole\u010dnost; pokud jste velmi bl\u00edzko, \u017ee m\u00e1te nav\u00e1zat velmi d\u016fv\u011brn\u00e9 p\u0159\u00e1telstv\u00ed; ale pokud je vzd\u00e1len\u00fd, nazna\u010duje fale\u0161n\u00e9 p\u0159\u00e1tele.<\/p>\n<p><strong>\u010c. 21 - HORY<\/strong>, pobl\u00ed\u017e Osoby, varuje t\u011b p\u0159ed mocn\u00fdm nep\u0159\u00edtelem; pokud jste vzd\u00e1len\u00ed, m\u016f\u017eete se spolehnout na mocn\u00e9 p\u0159\u00e1tele.<\/p>\n<p><strong>\u010c. 22 - SILNICE<\/strong>, obklopeni mraky, jsou p\u0159\u00edznaky katastrofy; ale bez t\u00e9to karty, a pokud je od Osoby vzd\u00e1len\u00fd, najdete zp\u016fsoby a prost\u0159edky, jak se vyhnout hroz\u00edc\u00edmu nebezpe\u010d\u00ed.<\/p>\n<p><strong>\u010c. 23 - MY\u0160<\/strong>, je zn\u00e1mkou kr\u00e1de\u017ee, ztr\u00e1ty; kdy\u017e se bl\u00ed\u017e\u00ed, znamen\u00e1 to, \u017ee do\u0161lo ke zp\u011btn\u00e9mu z\u00edsk\u00e1n\u00ed ztracen\u00e9 nebo odcizen\u00e9 v\u011bci, pokud na d\u00e1lku bude ztr\u00e1ta nenapraviteln\u00e1.<\/p>\n<p><strong>\u010c. 24 - SRDCE<\/strong>, je zn\u00e1mkou radosti vedouc\u00ed k jednot\u011b a bla\u017eenosti.<\/p>\n<p><strong>\u010c. 25 - KROU\u017dEK<\/strong>, pokud se jedn\u00e1 o pr\u00e1vo Osoby, p\u0159edpov\u00eddaj\u00ed bohat\u00e9 a \u0161\u0165astn\u00e9 man\u017eelstv\u00ed; kdy\u017e na lev\u00e9 a vzd\u00e1len\u00e9 stran\u011b, vypadnut\u00ed s p\u0159edm\u011btem va\u0161\u00ed n\u00e1klonnosti a rozbit\u00ed man\u017eelstv\u00ed.<\/p>\n<p><strong>\u010c. 26 - KNIHA<\/strong>, ozna\u010duje, \u017ee se chyst\u00e1te tajemstv\u00ed zjistit, podle jeho pozice m\u016f\u017eete posoudit, jak\u00fdm zp\u016fsobem; p\u0159i pokusu o \u0159e\u0161en\u00ed je v\u0161ak nutn\u00e1 velk\u00e1 opatrnost.<\/p>\n<p><strong>\u010c. 27 - DOPIS<\/strong>, bez mrak\u016f, znamen\u00e1 \u0161t\u011bst\u00ed, kter\u00e9 k v\u00e1m p\u0159ijde jako vzd\u00e1len\u00e1, p\u0159\u00edzniv\u00e1 zpr\u00e1va; ale jsou-li v bl\u00edzkosti Osoby temn\u00e9 mraky, m\u016f\u017eete o\u010dek\u00e1vat mnoho smutku.<\/p>\n<p><strong>\u010c. 28 - GENTLEMAN<\/strong>, <strong>No. 29 - THE LADY<\/strong> Cel\u00e9 balen\u00ed se vztahuje na kteroukoli z t\u011bchto karet, podle toho, zda je osobou a \u010d\u00ed osud se \u0159\u00edk\u00e1, bu\u010f d\u00e1ma (\u010d. 29), nebo d\u017eentlmen (\u010d. 28).<\/p>\n<p><strong>\u010c. 30 - LILIE<\/strong>, ozna\u010dte \u0161\u0165astn\u00fd \u017eivot; obklopen mraky, rodinn\u00fd z\u00e1rmutek. Pokud je tato karta um\u00edst\u011bna nad Osobou, znamen\u00e1 to, \u017ee je ctnostn\u00e1; pokud jsou pod Osobou, mor\u00e1ln\u00ed principy jsou pochybov\u00e1ny.<\/p>\n<p><strong>\u010c. 31 - SLNKO<\/strong>, le\u017e\u00edc\u00ed bl\u00edzko, ukazuje na \u0161t\u011bst\u00ed a pot\u011b\u0161en\u00ed, proto\u017ee jeho paprsky \u0161\u00ed\u0159\u00ed sv\u011btlo a teplo; daleko, nazna\u010duje ne\u0161t\u011bst\u00ed a smutek, proto\u017ee bez vlivu Slunce nem\u016f\u017ee nic r\u016fst.<\/p>\n<p><strong>\u010c. 32 - M\u011aS\u00cdC<\/strong>, je zn\u00e1mkou velk\u00fdch poct, \u0161t\u011bst\u00ed a sl\u00e1vy, pokud karta le\u017e\u00ed na boku Osoby; pokud na d\u00e1lku, znamen\u00e1 to z\u00e1rmutek a b\u00eddu.<\/p>\n<p><strong>\u010c. 33 - KL\u00cd\u010c<\/strong>, je-li bl\u00edzko, znamen\u00e1 ur\u010dit\u00fd \u00fasp\u011bch p\u0159\u00e1n\u00ed nebo pl\u00e1nu; je-li vzd\u00e1len\u00fd, naopak.<\/p>\n<p><strong>\u010c. 34 - RYBY<\/strong>, pobl\u00ed\u017e osoby, poukazuj\u00ed na z\u00edsk\u00e1n\u00ed velk\u00e9ho jm\u011bn\u00ed n\u00e1mo\u0159n\u00edmi podniky a na \u0159adu \u00fasp\u011b\u0161n\u00fdch podnik\u016f; pokud jsou vzd\u00e1len\u00e9, nazna\u010duj\u00ed selh\u00e1n\u00ed jak\u00e9koli spekulace, bez ohledu na to, jak dob\u0159e jsou projektov\u00e1ny a pl\u00e1nov\u00e1ny.<\/p>\n<p><strong>\u010c. 35 - KOTVA<\/strong>, je zn\u00e1mkou \u00fasp\u011b\u0161n\u00e9ho podnik\u00e1n\u00ed na mo\u0159i, velk\u00e9 obchodn\u00ed v\u00fdhody a prav\u00e9 l\u00e1sky; ale vzd\u00e1len\u00fd, znamen\u00e1 to d\u016fkladn\u00e9 zklam\u00e1n\u00ed v my\u0161lenk\u00e1ch a nest\u00e1lost v l\u00e1sce.<\/p>\n<p><strong>\u010c. 36 - K\u0158\u00cd\u017d<\/strong>, je v\u017edy \u0161patn\u00e9 znamen\u00ed; pokud jste velmi bl\u00edzko Osoby, m\u016f\u017eete doufat, \u017ee ne\u0161t\u011bst\u00ed nebude trvat dlouho.<\/p>\n<p><strong>JAK VYD\u011aLAT A \u010c\u00cdTAT KARTY<\/strong><\/p>\n<p>9 32 3 16 31 5 30 22 12 4 24 28 29 13 1 2 19 21 20 15 33 18 23 34 14 10 25 27 17 35 26 11 8 6 7 36<\/p>\n<p>Nejprve zam\u00edchejte karty a o\u0159\u00edzn\u011bte je levou rukou. Pokra\u010dujte v jejich rozd\u00e1v\u00e1n\u00ed, jeden po druh\u00e9m, ve \u010dty\u0159ech po sob\u011b jdouc\u00edch \u0159ad\u00e1ch po osmi kart\u00e1ch, p\u0159i\u010dem\u017e karty v ka\u017ed\u00e9 \u0159ad\u011b jsou kladeny zleva doprava; zb\u00fdvaj\u00edc\u00ed \u010dty\u0159i karty jsou pot\u00e9 polo\u017eeny stejn\u00fdm zp\u016fsobem pod prost\u0159edkem dal\u0161\u00edch \u0159ad. V tomto grafu jsou karty vylo\u017eeny pro d\u00e1mu - to je karta \u010d. 29 je bod, od kter\u00e9ho je t\u0159eba odvodit v\u00fdznam ostatn\u00edch karet.<\/p>\n<p>Zp\u016fsob, jak si \u017eena, kter\u00e1 \u0159\u00edk\u00e1 sv\u00e9mu jm\u011bn\u00ed, p\u0159e\u010detla toto rozvr\u017een\u00ed, je n\u00e1sleduj\u00edc\u00ed, \u0159e\u0161en\u00ed d\u00e1v\u00e1 Philippe, d\u011bdic slavn\u00e9 Mlle. Le Normand: \u201eSlunce \u010d. 31, kter\u00e9 je um\u00edst\u011bno nad tvoj\u00ed hlavou, ti zajist\u00ed trval\u00e9 \u0161t\u011bst\u00ed, proto\u017ee Hv\u011bzda \u010d. 16, kter\u00e1 je po tv\u00e9 pravici, na tebe sv\u00edt\u00ed. D\u00edky tomu byly v\u0161echny va\u0161e podniky \u00fasp\u011b\u0161n\u00e9 a d\u00edky tomu jste byli \u0161\u0165astn\u00ed ve sv\u00e9m man\u017eelstv\u00ed. V\u00e1\u0161 man\u017eel, \u010d. 28, kter\u00fd je po va\u0161\u00ed pravici, sv\u011bd\u010d\u00ed o va\u0161\u00ed ctnosti, kterou potvrzuje d\u00edt\u011b, \u010d. 13, kter\u00e9 je po va\u0161\u00ed levici. Lilie a kv\u011btiny, kter\u00e9 v\u00e1s zasti\u0148uj\u00ed v \u010d\u00edslech 30 a 9, jsou d\u016fkazem va\u0161ich dobr\u00fdch skutk\u016f. Osud tak\u00e9 zam\u011bstn\u00e1v\u00e1 Cavaliera, \u010d. 1, aby promluvil ve va\u0161\u00ed chv\u00e1le a aby o n\u011bm informoval sv\u00e9 skute\u010dn\u00e9 p\u0159\u00e1tele. Va\u0161e dobr\u00e9 a shov\u00edvav\u00e9 \u010diny potvrzen\u00e9 kartami \u010d. 2, 3, 24, 4, 5, 32, 27, 18, 26, 21, 20, 15 a 34, kter\u00e9 v\u00e1s obklopuj\u00ed, jsou dal\u0161\u00edm d\u016fkazem va\u0161eho budouc\u00edho \u0161t\u011bst\u00ed. Va\u0161e sjednocen\u00e9 s\u00edly v\u00e1s a\u017e doposud chr\u00e1nily i p\u0159es pomluvy, kter\u00e9 by v\u00e1s m\u011bly zranit, co\u017e se v\u00edt\u011bzosv\u011bd\u010duje, \u017ee ctnost v\u017edy p\u0159ekon\u00e1v\u00e1 intriky zl\u00fdch. Va\u0161e \u0161t\u011bst\u00ed v\u0161ak na kr\u00e1tkou dobu tr\u00e1pili z\u00e1vistiv\u00ed duchov\u00e9, kte\u0159\u00ed se v\u00e1s sna\u017eili zranit; zastupuj\u00ed je \u010d. 14, 12, 35 a 23, kte\u0159\u00ed ud\u011blali v\u0161e, co bylo v jejich sil\u00e1ch, aby v\u00e1s zni\u010dili, ale jejich pomluvy byly pok\u00e1r\u00e1ny ve\u0159ejn\u00fdm m\u00edn\u011bn\u00edm, kter\u00e9 bylo na va\u0161\u00ed stran\u011b. V\u011b\u017e \u010d. 19 v\u00e1m slibuje \u0161\u0165astn\u00e9 st\u00e1\u0159\u00ed jako odm\u011bnu za va\u0161i odvahu vydr\u017eet pod t\u011bmito pam\u00e1tkami.<\/p>\n<p>&quot;Porazili jste \u010d. 11, kter\u00fd zasel do va\u0161\u00ed dom\u00e1cnosti semeno sv\u00e1ru.&quot; \u010c. 17 v\u00e1m \u0159\u00edk\u00e1, \u017ee brzy zm\u011bn\u00edte m\u00edsto pobytu; Je pravda, \u017ee \u010d. 10 je zn\u00e1mkou neplechy, ale p\u0159ekon\u00e1te to st\u00e9n\u00e1n\u00edm \u010d. 25 za pomoci kl\u00ed\u010de \u010d. 33, kter\u00fd v\u00e1m le\u017e\u00ed u nohou. Obecn\u011b v\u0161e nep\u0159\u00edjemn\u00e9 z\u016fstane daleko od v\u00e1s, proto\u017ee jeho p\u0159edzv\u011bsti, rakev, mraky, hrozn\u00fd had a nebezpe\u010dn\u00fd k\u0159\u00ed\u017e p\u0159edstaven\u00fd v \u010d\u00edslech 8,6,7 a 36 jsou od v\u00e1s daleko vzd\u00e1len\u00e9 a nemohou se k v\u00e1m dostat na dlouhou dobu. Proz\u0159etelnost zpe\u010detila va\u0161e \u0161t\u011bst\u00ed, a od nyn\u011bj\u0161ka si budete u\u017e\u00edvat odm\u011bnu za svou ctnost, navzdory za\u010darovan\u00e9mu a zka\u017een\u00e9mu sv\u011btu; v\u017edy v\u011b\u0159 v Proz\u0159etelnost a nikdy t\u011b neopust\u00ed.<\/p>\n<p>Lenormandova karta je \u0159et\u011bzcov\u00e1 karta a m\u00e1 r\u016fzn\u00e9 obr\u00e1zky. V bal\u00ed\u010dku je celkem 36 karet Lenormand. Ka\u017ed\u00e1 karta m\u00e1 jin\u00fd v\u00fdznam. Obr\u00e1zky na kart\u011b jsou snadno pochopiteln\u00e9. Pokud jste ochotni koupit karty lenormand, jste na spr\u00e1vn\u00e9m m\u00edst\u011b. V tomto oboru p\u016fsob\u00edme ji\u017e dlouho a prod\u00e1v\u00e1me karty Lenormand po cel\u00e9m sv\u011bt\u011b. Karty lenormand tak\u00e9 nab\u00edz\u00edme k prodeji ve Velk\u00e9 Brit\u00e1nii. V sekci v\u00fdprodej si m\u016f\u017eete tyto karty koupit za dokonce zlevn\u011bnou cenu. Na\u0161e karty jsou vyr\u00e1b\u011bny s pou\u017eit\u00edm nejkvalitn\u011bj\u0161\u00edho pap\u00edru a neodtrh\u00e1vaj\u00ed se. M\u016f\u017eete je tedy pou\u017e\u00edvat po del\u0161\u00ed dobu. Nakupte si dnes z na\u0161\u00ed webov\u00e9 str\u00e1nky bal\u00ed\u010dky lenormand na prodej ve Velk\u00e9 Brit\u00e1nii !!<\/p>\n<p>Nav\u0161tivte na\u0161e webov\u00e9 str\u00e1nky a nau\u010dte se v\u00fdznamy, spready, techniky \u010dten\u00ed karet Lenormand s podrobn\u00fdmi pokyny. Dokumenty a pokyny ke sta\u017een\u00ed. www.lenormandcards.org<\/p>\n<p>&nbsp;<\/p>\n<p style=\"text-align: center;\">1799 &#8211; 2019<\/p>\n<p style=\"text-align: center;\">Vytvo\u0159il<\/p>\n<p style=\"text-align: center;\">EVINA SCHMIDOV\u00c1<\/p>\n<p style=\"text-align: center;\">ROMAN WIMMER<\/p>\n<p style=\"text-align: center;\">Publikoval Roman Wimmer 15. listopadu 2019.<\/p>\n<p style=\"text-align: center;\">Karty vyti\u0161t\u011bn\u00e9 v IT\u00c1LII<\/p>\n<p style=\"text-align: center;\">EKO TISK<\/p>\n<p style=\"text-align: center;\">N\u00e1vod vyti\u0161t\u011bn\u00fd v N\u011bmecku<\/p>\n<p style=\"text-align: center;\">1. vyd\u00e1n\u00ed ISBN: 978-80-87842-00-3<\/p>\n<p style=\"text-align: center;\">\u00a9 Evina Schmidova &amp; Roman Wimmer, 2019.<\/p>\n<p style=\"text-align: center;\">V\u0161echna pr\u00e1va vyhrazena.<\/p>\n<p style=\"text-align: center;\">www.evinacards.com, www.lenormandcards.org<\/p>\n\n\t\t<\/div>\n\t<\/div>\n\t<\/div>\n<\/div><\/div>\t<div  class=\"vc_row wpb_row vc_row-fluid ts-row-wide vc_row-no-padding\"  data-vc-full-width=\"true\" data-vc-full-width-init=\"false\"  data-vc-stretch-content=\"true\" ><div class=\"wpb_column vc_column_container vc_col-sm-12\">\n\t<div class=\"wpb_wrapper\">\n\t\n\t<div  class=\"wpb_single_image wpb_content_element vc_align_center\">\n\t\t\n\t\t<figure class=\"wpb_wrapper vc_figure\">\n\t\t\t<div class=\"vc_single_image-wrapper   vc_box_border_grey\"><img width=\"1980\" height=\"1406\" src=\"https:\/\/evinacards.com\/wp-content\/uploads\/2019\/12\/Magic-Lenormand-Cards-1799-1903-2019-backside.jpg\" class=\"vc_single_image-img attachment-full\" alt=\"Magic-Lenormand-Cards-1799-1903-2019-zadn\u00ed strana\" decoding=\"async\" loading=\"lazy\" title=\"Magic-Lenormand-Cards-1799-1903-2019-zadn\u00ed strana\" srcset=\"https:\/\/evinacards.com\/wp-content\/uploads\/2019\/12\/Magic-Lenormand-Cards-1799-1903-2019-backside.jpg 1980w, https:\/\/evinacards.com\/wp-content\/uploads\/2019\/12\/Magic-Lenormand-Cards-1799-1903-2019-backside-300x213.jpg 300w, https:\/\/evinacards.com\/wp-content\/uploads\/2019\/12\/Magic-Lenormand-Cards-1799-1903-2019-backside-768x545.jpg 768w, https:\/\/evinacards.com\/wp-content\/uploads\/2019\/12\/Magic-Lenormand-Cards-1799-1903-2019-backside-1024x727.jpg 1024w, https:\/\/evinacards.com\/wp-content\/uploads\/2019\/12\/Magic-Lenormand-Cards-1799-1903-2019-backside-683x485.jpg 683w\" sizes=\"(max-width: 1980px) 100vw, 1980px\" \/><\/div>\n\t\t<\/figure>\n\t<\/div>\n\t<\/div>\n<\/div><\/div><div class=\"vc_row-full-width\"><\/div>\t<div  class=\"vc_row wpb_row vc_row-fluid ts-row-wide\"  ><div class=\"wpb_column vc_column_container vc_col-sm-12\">\n\t<div class=\"wpb_wrapper\">\n\t<div class=\"vc_empty_space\"   style=\"height: 32px\"><span class=\"vc_empty_space_inner\"><\/span><\/div>\t<\/div>\n<\/div><\/div>\n<\/div>","protected":false},"excerpt":{"rendered":"How to Tell Fortunes - No.1 - With Fortune-Telling MONDAY, OCTOBER 19, 1903\u00a0 - THE EVENING WORLD\u00b4S HOME MAGAZINE\u00a0 - ORIGINAL TEXT \u2022 1ST EDITION Magic Lenormand Cards 1799 - Johann Kaspar Hechtel - Nuremberg\u00a0 \/ 2019 - Evina Schmidova - London &amp; Prague &nbsp; The reader taking up the series of easy lessons in [...]","protected":false},"author":1,"featured_media":0,"parent":0,"menu_order":0,"comment_status":"closed","ping_status":"closed","template":"","meta":[],"_links":{"self":[{"href":"https:\/\/evinacards.com\/cs\/wp-json\/wp\/v2\/pages\/8977"}],"collection":[{"href":"https:\/\/evinacards.com\/cs\/wp-json\/wp\/v2\/pages"}],"about":[{"href":"https:\/\/evinacards.com\/cs\/wp-json\/wp\/v2\/types\/page"}],"author":[{"embeddable":true,"href":"https:\/\/evinacards.com\/cs\/wp-json\/wp\/v2\/users\/1"}],"replies":[{"embeddable":true,"href":"https:\/\/evinacards.com\/cs\/wp-json\/wp\/v2\/comments?post=8977"}],"version-history":[{"count":0,"href":"https:\/\/evinacards.com\/cs\/wp-json\/wp\/v2\/pages\/8977\/revisions"}],"wp:attachment":[{"href":"https:\/\/evinacards.com\/cs\/wp-json\/wp\/v2\/media?parent=8977"}],"curies":[{"name":"wp","href":"https:\/\/api.w.org\/{rel}","templated":true}]}}