{"id":10788,"date":"2021-02-05T22:11:56","date_gmt":"2021-02-05T21:11:56","guid":{"rendered":"https:\/\/www.evinacards.com\/?post_type=product&#038;p=10788"},"modified":"2025-05-19T13:08:30","modified_gmt":"2025-05-19T11:08:30","slug":"shungite-pendulum-and-pendant","status":"publish","type":"product","link":"https:\/\/evinacards.com\/cs\/produkt\/sungit-kyvadlo-a-privesek\/","title":{"rendered":"\u0160ungitov\u00e9 kyvadlo a p\u0159\u00edv\u011bsek"},"content":{"rendered":"","protected":false},"excerpt":{"rendered":"<p><strong>\u0160ungitov\u00e9 kyvadlo a p\u0159\u00edv\u011bsek<\/strong> (Angli\u010dtina)<\/p>\n<p>\u0160ungitov\u00e9 kyvadlo a p\u0159\u00edv\u011bsek<\/p>\n<p>\u0160ungitov\u00e9 kyvadlo a p\u0159\u00edv\u011bsek pro v\u011b\u0161t\u011bn\u00ed a EMF ochranu.<\/p>\n<p>Unik\u00e1tn\u00ed miner\u00e1ln\u00ed \u0161ungit: Absorbuje to, co je \u0161kodliv\u00e9, pom\u00e1h\u00e1 obnovit pohodu a chr\u00e1n\u00ed p\u0159ed elektromagnetick\u00fdm z\u00e1\u0159en\u00edm.<\/p>\n<p>\u0160ungit P\u016fvod: Rusko. Jedin\u00e9 nalezi\u0161t\u011b prav\u00e9ho \u0161ungitu je v Republice Karelia.<\/p>\n<p>Popis p\u0159\u00edv\u011bsku a kyvadla:<\/p>\n<p><strong>D\u00e9lka:<\/strong> 4,5 \u2013 5,9 cm | 1,77 \u2013 2,32 palce<br \/>\n<strong>\u0160\u00ed\u0159ka:<\/strong>  1,1 \u2013 1,5 cm | 0,43 \u2013 0,59 palce<br \/>\n<strong>D\u00e9lka krajky:<\/strong> 79 cm | 31,1 palce<br \/>\n<strong>Hmotnost:<\/strong> 11 \u2013 15 g | 0,39 \u2013 0,53 unce<br \/>\n<strong>Sametov\u00fd s\u00e1\u010dek:<\/strong> 15 x 10 cm | 5,91 \u2013 3,93 palce<\/p>\n<p><strong>EAN:<\/strong> 0717932035139<\/p>\n<p>O \u0161ungitu<\/p>\n<p>\u0160ungit je \u010dern\u00fd, nekrystalick\u00fd mineraloid skl\u00e1daj\u00edc\u00ed se z v\u00edce ne\u017e 98 hmotnostn\u00edch procent ze vz\u00e1cn\u00e9 prekambrick\u00e9 uhl\u00edkat\u00e9 horniny organick\u00e9ho p\u016fvodu. V\u011bdci tvrd\u00ed, \u017ee \u0161ungit je star\u00fd asi 2 miliardy let. Dnes je \u010dasto ozna\u010dov\u00e1n jako l\u00e9\u010div\u00fd miner\u00e1l pro sv\u00e9 proslul\u00e9 l\u00e9\u010div\u00e9 a antibakteri\u00e1ln\u00ed vlastnosti.<\/p>\n<p>Ochrann\u00fd \u0161ungitov\u00fd p\u0159\u00edv\u011bsek m\u016f\u017eete nosit denn\u011b. \u0160ungit je k\u00e1men slo\u017een\u00fd p\u0159ev\u00e1\u017en\u011b z uhl\u00edku. Pokud chcete zachovat p\u0159irozenou kr\u00e1su a lesk, je lep\u0161\u00ed ji odstranit ve spr\u0161e nebo ve van\u011b.<\/p>\n<p>Ka\u017edodenn\u00ed ochrana p\u0159ed EMF<\/p>\n<p>Elektromagnetick\u00e9 vlny n\u00e1s obklopuj\u00ed v\u0161ude \u2013 p\u0159ich\u00e1zej\u00ed z televize, mobiln\u00edch telefon\u016f, po\u010d\u00edta\u010d\u016f, mikrovlnek\u2026 Elektromagnetick\u00e9 z\u00e1\u0159en\u00ed je neviditeln\u00e9, ale neust\u00e1le \u0161kod\u00ed na\u0161emu zdrav\u00ed. V\u011bdeck\u00e9 experimenty potvrdily, \u017ee \u0161ungit je p\u0159\u00edrodn\u00ed geomagnet. Nejmen\u0161\u00ed \u0161ungitov\u00e9 kyvadlo a p\u0159\u00edv\u011bsek m\u016f\u017ee poskytnout skv\u011blou ochranu a podporu va\u0161emu fyzick\u00e9mu i psychick\u00e9mu stavu. Z\u00e1sadn\u011b sni\u017euje \u00fa\u010dinek elektromagnetick\u00fdch paprsk\u016f d\u00edky st\u00edn\u00edc\u00edmu efektu.<\/p>\n<p>Kyvadlo a p\u0159\u00edv\u011bsek vyroben\u00fd ze \u0161ungitu je pro \u010dlov\u011bka velmi u\u017eite\u010dn\u00fd, chr\u00e1n\u00ed p\u0159ed negativn\u00edmi vn\u011bj\u0161\u00edmi vlivy.<\/p>\n<p>P\u0159\u00edrodn\u00ed antioxidant, schopn\u00fd zachycovat voln\u00e9 radik\u00e1ly, kter\u00e9 katalyzuje, filtruje a navrac\u00ed p\u0159irozen\u00fd stav. P\u0159in\u00e1\u0161\u00ed duchovn\u00ed r\u016fst a pohlcuje negativn\u00ed energie a nab\u00edz\u00ed ochranu p\u0159ed v\u0161\u00edm negativn\u00edm.<\/p>","protected":false},"featured_media":10793,"comment_status":"open","ping_status":"closed","template":"","meta":[],"product_cat":[750],"product_tag":[781,782,780,774,777,775,776,778,779],"_links":{"self":[{"href":"https:\/\/evinacards.com\/cs\/wp-json\/wp\/v2\/product\/10788"}],"collection":[{"href":"https:\/\/evinacards.com\/cs\/wp-json\/wp\/v2\/product"}],"about":[{"href":"https:\/\/evinacards.com\/cs\/wp-json\/wp\/v2\/types\/product"}],"replies":[{"embeddable":true,"href":"https:\/\/evinacards.com\/cs\/wp-json\/wp\/v2\/comments?post=10788"}],"wp:featuredmedia":[{"embeddable":true,"href":"https:\/\/evinacards.com\/cs\/wp-json\/wp\/v2\/media\/10793"}],"wp:attachment":[{"href":"https:\/\/evinacards.com\/cs\/wp-json\/wp\/v2\/media?parent=10788"}],"wp:term":[{"taxonomy":"product_cat","embeddable":true,"href":"https:\/\/evinacards.com\/cs\/wp-json\/wp\/v2\/product_cat?post=10788"},{"taxonomy":"product_tag","embeddable":true,"href":"https:\/\/evinacards.com\/cs\/wp-json\/wp\/v2\/product_tag?post=10788"}],"curies":[{"name":"wp","href":"https:\/\/api.w.org\/{rel}","templated":true}]}}