{"id":10788,"date":"2021-02-05T22:11:56","date_gmt":"2021-02-05T21:11:56","guid":{"rendered":"https:\/\/www.evinacards.com\/?post_type=product&#038;p=10788"},"modified":"2025-05-19T13:08:30","modified_gmt":"2025-05-19T11:08:30","slug":"shungite-pendulum-and-pendant","status":"publish","type":"product","link":"https:\/\/evinacards.com\/pl\/produkt\/shungite-pendulum-and-pendant\/","title":{"rendered":"Wahade\u0142ko i wisiorek z szungitu"},"content":{"rendered":"","protected":false},"excerpt":{"rendered":"<p><strong>Wahade\u0142ko i wisiorek z szungitu<\/strong> (Angielski)<\/p>\n<p>Wahade\u0142ko i wisiorek z szungitu<\/p>\n<p>Szungitowe wahade\u0142ko i wisiorek do wr\u00f3\u017cenia i ochrony przed polami elektromagnetycznymi.<\/p>\n<p>Unikalny minera\u0142 szungit: Poch\u0142ania to, co szkodliwe, pomaga przywr\u00f3ci\u0107 dobre samopoczucie i broni przed promieniowaniem elektromagnetycznym.<\/p>\n<p>Szungit Pochodzenie: Rosja. Jedyne z\u0142o\u017ce prawdziwego szungitu znajduje si\u0119 w Republice Karelii.<\/p>\n<p>Opis wisiorka i wahad\u0142a:<\/p>\n<p><strong>D\u0142ugo\u015b\u0107:<\/strong> 4,5 - 5,9 cm | 1,77 - 2,32 cala<br \/>\n<strong>Szeroko\u015b\u0107:<\/strong>  1,1 - 1,5 cm | 0,43 - 0,59 cala<br \/>\n<strong>D\u0142ugo\u015b\u0107 koronki:<\/strong> 79 cm | 31,1 cala<br \/>\n<strong>Waga:<\/strong> 11 - 15 g | 0,39 - 0,53 uncji<br \/>\n<strong>Torby aksamitne:<\/strong> 15 x 10 cm | 5,91 - 3,93 cala<\/p>\n<p><strong>EAN:<\/strong> 0717932035139<\/p>\n<p>Informacje o szungicie<\/p>\n<p>Szungit to czarny, niekrystaliczny mineraloid sk\u0142adaj\u0105cy si\u0119 w ponad 98 procentach wagowych z rzadkiej prekambryjskiej ska\u0142y w\u0119glowej pochodzenia organicznego. Naukowcy twierdz\u0105, \u017ce szungit ma oko\u0142o 2 miliard\u00f3w lat. Obecnie jest cz\u0119sto okre\u015blany jako minera\u0142 leczniczy ze wzgl\u0119du na swoje s\u0142ynne w\u0142a\u015bciwo\u015bci lecznicze i antybakteryjne.<\/p>\n<p>Ochronny wisiorek z szungitu mo\u017cna nosi\u0107 codziennie. Szungit to kamie\u0144 sk\u0142adaj\u0105cy si\u0119 g\u0142\u00f3wnie z w\u0119gla. Lepiej usuwa\u0107 go pod prysznicem lub w k\u0105pieli, je\u015bli chcesz zachowa\u0107 jego naturalne pi\u0119kno i blask.<\/p>\n<p>Codzienna ochrona przed polami elektromagnetycznymi<\/p>\n<p>Fale elektromagnetyczne otaczaj\u0105 nas wsz\u0119dzie - pochodz\u0105 z telewizji, telefon\u00f3w kom\u00f3rkowych, komputer\u00f3w, mikrofal\u00f3wek... Promieniowanie elektromagnetyczne jest niewidoczne, ale nieustannie szkodzi naszemu zdrowiu. Eksperymenty naukowe potwierdzi\u0142y, \u017ce szungit jest naturalnym geomagnesem. Najmniejsze szungitowe wahade\u0142ko i wisiorek mog\u0105 zapewni\u0107 doskona\u0142\u0105 ochron\u0119 i wsparcie dla stanu fizycznego i psychicznego. Zasadniczo zmniejsza wp\u0142yw promieni elektromagnetycznych dzi\u0119ki efektowi ekranowania.<\/p>\n<p>Wahade\u0142ko i wisiorek wykonane z szungitu s\u0105 bardzo przydatne dla osoby, chroni\u0105c przed negatywnymi wp\u0142ywami zewn\u0119trznymi.<\/p>\n<p>Naturalny przeciwutleniacz, zdolny do wychwytywania wolnych rodnik\u00f3w, kt\u00f3ry katalizuje, filtruje i przywraca naturalny stan. Przynosi duchowy wzrost i poch\u0142ania negatywne energie oraz zapewnia ochron\u0119 przed wszystkim, co negatywne.<\/p>","protected":false},"featured_media":10793,"comment_status":"open","ping_status":"closed","template":"","meta":[],"product_cat":[750],"product_tag":[781,782,780,774,777,775,776,778,779],"_links":{"self":[{"href":"https:\/\/evinacards.com\/pl\/wp-json\/wp\/v2\/product\/10788"}],"collection":[{"href":"https:\/\/evinacards.com\/pl\/wp-json\/wp\/v2\/product"}],"about":[{"href":"https:\/\/evinacards.com\/pl\/wp-json\/wp\/v2\/types\/product"}],"replies":[{"embeddable":true,"href":"https:\/\/evinacards.com\/pl\/wp-json\/wp\/v2\/comments?post=10788"}],"wp:featuredmedia":[{"embeddable":true,"href":"https:\/\/evinacards.com\/pl\/wp-json\/wp\/v2\/media\/10793"}],"wp:attachment":[{"href":"https:\/\/evinacards.com\/pl\/wp-json\/wp\/v2\/media?parent=10788"}],"wp:term":[{"taxonomy":"product_cat","embeddable":true,"href":"https:\/\/evinacards.com\/pl\/wp-json\/wp\/v2\/product_cat?post=10788"},{"taxonomy":"product_tag","embeddable":true,"href":"https:\/\/evinacards.com\/pl\/wp-json\/wp\/v2\/product_tag?post=10788"}],"curies":[{"name":"wp","href":"https:\/\/api.w.org\/{rel}","templated":true}]}}